{"id":48,"date":"2016-12-13T16:58:11","date_gmt":"2016-12-13T15:58:11","guid":{"rendered":"http:\/\/www.bougartchev-moyne.com\/?page_id=48"},"modified":"2017-02-17T11:29:42","modified_gmt":"2017-02-17T10:29:42","slug":"civil-and-commercial-litigation","status":"publish","type":"page","link":"https:\/\/www.bm-a.fr\/en\/civil-and-commercial-litigation\/","title":{"rendered":"Civil and commercial litigation"},"content":{"rendered":"<div class=\"wpb-content-wrapper\"><p>[vc_row][vc_column]\n        \n        \n        <div class=\"carrefour-item post-391 contentieux-c-c type-contentieux-c-c status-publish has-post-thumbnail hentry\" id=\"post-391\">\n            <a href=\"https:\/\/www.bm-a.fr\/en\/civil-and-commercial-litigation\/litigation-concerning-company-law-and-liability-of-company-officers\/\">\n                <div class=\"carrefour-item-image\" style=\"background-image: url('https:\/\/www.bm-a.fr\/wp-content\/uploads\/2017\/01\/shutterstock_77411257-1024x569.jpg');\"><\/div>\n                <div class=\"carrefour-hover-frame\"><\/div>\n                <div class=\"carrefour-item-content\">\n                    <h3>\n                        Litigation concerning company law and liability of company officers                    <\/h3>\n                <\/div>\n            <\/a>\n        <\/div>\n\n\n    \n        \n        <div class=\"carrefour-item post-393 contentieux-c-c type-contentieux-c-c status-publish has-post-thumbnail hentry\" id=\"post-393\">\n            <a href=\"https:\/\/www.bm-a.fr\/en\/civil-and-commercial-litigation\/pre-contractual-contractual-and-extra-contractual-disputes\/\">\n                <div class=\"carrefour-item-image\" style=\"background-image: url('https:\/\/www.bm-a.fr\/wp-content\/uploads\/2017\/01\/2-Contentieux-pre-contractuel-et-contractuel-1024x684.jpg');\"><\/div>\n                <div class=\"carrefour-hover-frame\"><\/div>\n                <div class=\"carrefour-item-content\">\n                    <h3>\n                        Pre-contractual, contractual and extra-contractual disputes                    <\/h3>\n                <\/div>\n            <\/a>\n        <\/div>\n\n\n    \n        \n        <div class=\"carrefour-item post-395 contentieux-c-c type-contentieux-c-c status-publish has-post-thumbnail hentry\" id=\"post-395\">\n            <a href=\"https:\/\/www.bm-a.fr\/en\/civil-and-commercial-litigation\/competition-and-consumer-law-disputes\/\">\n                <div class=\"carrefour-item-image\" style=\"background-image: url('https:\/\/www.bm-a.fr\/wp-content\/uploads\/2017\/01\/3-Contentieux-de-la-concurrence-et-de-la-consommationGettyImages-545618113-1024x683.jpg');\"><\/div>\n                <div class=\"carrefour-hover-frame\"><\/div>\n                <div class=\"carrefour-item-content\">\n                    <h3>\n                        Competition and consumer law disputes                    <\/h3>\n                <\/div>\n            <\/a>\n        <\/div>\n\n\n    \n        \n        <div class=\"carrefour-item post-397 contentieux-c-c type-contentieux-c-c status-publish has-post-thumbnail hentry\" id=\"post-397\">\n            <a href=\"https:\/\/www.bm-a.fr\/en\/civil-and-commercial-litigation\/environmental-civil-disputes\/\">\n                <div class=\"carrefour-item-image\" style=\"background-image: url('https:\/\/www.bm-a.fr\/wp-content\/uploads\/2017\/01\/4-Contentieux-civil-de-l-environnement-1-1-1024x462.jpg');\"><\/div>\n                <div class=\"carrefour-hover-frame\"><\/div>\n                <div class=\"carrefour-item-content\">\n                    <h3>\n                        Environmental civil disputes                    <\/h3>\n                <\/div>\n            <\/a>\n        <\/div>\n\n\n    \n[\/vc_column][\/vc_row]<\/p>\n<\/div>","protected":false},"excerpt":{"rendered":"<p>[vc_row][vc_column][\/vc_column][\/vc_row]<\/p>\n","protected":false},"author":1,"featured_media":703,"parent":0,"menu_order":0,"comment_status":"closed","ping_status":"closed","template":"page-full-titled.php","meta":{"_acf_changed":false,"footnotes":""},"class_list":["post-48","page","type-page","status-publish","has-post-thumbnail","hentry"],"acf":[],"yoast_head":"<!-- This site is optimized with the Yoast SEO plugin v27.2 - https:\/\/yoast.com\/product\/yoast-seo-wordpress\/ -->\n<title>Civil and commercial litigation - Bougartchev Moyne Associ\u00e9s AARPI<\/title>\n<meta name=\"description\" content=\"Our lawyers regularly assist companies and their officers in civil and commercial litigation\" \/>\n<meta name=\"robots\" content=\"noindex, follow, max-snippet:-1, max-image-preview:large, max-video-preview:-1\" \/>\n<meta property=\"og:locale\" content=\"en_US\" \/>\n<meta property=\"og:type\" content=\"article\" \/>\n<meta property=\"og:title\" content=\"Civil and commercial litigation - Bougartchev Moyne Associ\u00e9s AARPI\" \/>\n<meta property=\"og:description\" content=\"{:fr}Nos avocats interviennent r\u00e9guli\u00e8rement aux c\u00f4t\u00e9s des soci\u00e9t\u00e9s ou de leurs dirigeants dans leurs contentieux civils et commerciaux{:en}Our lawyers regularly assist companies and their officers in civil and commercial litigation{:}\" \/>\n<meta property=\"og:url\" content=\"https:\/\/www.bm-a.fr\/civil-and-commercial-litigation\/\" \/>\n<meta property=\"og:site_name\" content=\"Bougartchev Moyne Associ\u00e9s AARPI\" \/>\n<meta property=\"article:modified_time\" content=\"2017-02-17T10:29:42+00:00\" \/>\n<meta property=\"og:image\" content=\"https:\/\/www.bm-a.fr\/wp-content\/uploads\/2017\/01\/shutterstock_77411257-1024x569.jpg\" \/>\n\t<meta property=\"og:image:width\" content=\"1024\" \/>\n\t<meta property=\"og:image:height\" content=\"569\" \/>\n\t<meta property=\"og:image:type\" content=\"image\/jpeg\" \/>\n<meta name=\"twitter:card\" content=\"summary_large_image\" \/>\n<script type=\"application\/ld+json\" class=\"yoast-schema-graph\">{\"@context\":\"https:\/\/schema.org\",\"@graph\":[{\"@type\":\"WebPage\",\"@id\":\"https:\/\/www.bm-a.fr\/civil-and-commercial-litigation\/\",\"url\":\"https:\/\/www.bm-a.fr\/civil-and-commercial-litigation\/\",\"name\":\"Civil and commercial litigation - Bougartchev Moyne Associ\u00e9s AARPI\",\"isPartOf\":{\"@id\":\"https:\/\/www.bm-a.fr\/#website\"},\"primaryImageOfPage\":{\"@id\":\"https:\/\/www.bm-a.fr\/civil-and-commercial-litigation\/#primaryimage\"},\"image\":{\"@id\":\"https:\/\/www.bm-a.fr\/civil-and-commercial-litigation\/#primaryimage\"},\"thumbnailUrl\":\"https:\/\/www.bm-a.fr\/wp-content\/uploads\/2017\/01\/shutterstock_77411257.jpg\",\"datePublished\":\"2016-12-13T15:58:11+00:00\",\"dateModified\":\"2017-02-17T10:29:42+00:00\",\"description\":\"{:fr}Nos avocats interviennent r\u00e9guli\u00e8rement aux c\u00f4t\u00e9s des soci\u00e9t\u00e9s ou de leurs dirigeants dans leurs contentieux civils et commerciaux{:en}Our lawyers regularly assist companies and their officers in civil and commercial litigation{:}\",\"breadcrumb\":{\"@id\":\"https:\/\/www.bm-a.fr\/civil-and-commercial-litigation\/#breadcrumb\"},\"inLanguage\":\"en-US\",\"potentialAction\":[{\"@type\":\"ReadAction\",\"target\":[\"https:\/\/www.bm-a.fr\/civil-and-commercial-litigation\/\"]}]},{\"@type\":\"ImageObject\",\"inLanguage\":\"en-US\",\"@id\":\"https:\/\/www.bm-a.fr\/civil-and-commercial-litigation\/#primaryimage\",\"url\":\"https:\/\/www.bm-a.fr\/wp-content\/uploads\/2017\/01\/shutterstock_77411257.jpg\",\"contentUrl\":\"https:\/\/www.bm-a.fr\/wp-content\/uploads\/2017\/01\/shutterstock_77411257.jpg\",\"width\":4344,\"height\":2412,\"caption\":\"Illustration du contentieux du droit des soci\u00e9t\u00e9s et responsabilit\u00e9 des dirigeants\"},{\"@type\":\"BreadcrumbList\",\"@id\":\"https:\/\/www.bm-a.fr\/civil-and-commercial-litigation\/#breadcrumb\",\"itemListElement\":[{\"@type\":\"ListItem\",\"position\":1,\"name\":\"Accueil\",\"item\":\"https:\/\/www.bm-a.fr\/\"},{\"@type\":\"ListItem\",\"position\":2,\"name\":\"Contentieux civil et commercial\"}]},{\"@type\":\"WebSite\",\"@id\":\"https:\/\/www.bm-a.fr\/#website\",\"url\":\"https:\/\/www.bm-a.fr\/\",\"name\":\"Bougartchev Moyne Associ\u00e9s AARPI\",\"description\":\"\",\"potentialAction\":[{\"@type\":\"SearchAction\",\"target\":{\"@type\":\"EntryPoint\",\"urlTemplate\":\"https:\/\/www.bm-a.fr\/?s={search_term_string}\"},\"query-input\":{\"@type\":\"PropertyValueSpecification\",\"valueRequired\":true,\"valueName\":\"search_term_string\"}}],\"inLanguage\":\"en-US\"}]}<\/script>\n<!-- \/ Yoast SEO plugin. -->","yoast_head_json":{"title":"Civil and commercial litigation - Bougartchev Moyne Associ\u00e9s AARPI","description":"Our lawyers regularly assist companies and their officers in civil and commercial litigation","robots":{"index":"noindex","follow":"follow","max-snippet":"max-snippet:-1","max-image-preview":"max-image-preview:large","max-video-preview":"max-video-preview:-1"},"og_locale":"en_US","og_type":"article","og_title":"Civil and commercial litigation - Bougartchev Moyne Associ\u00e9s AARPI","og_description":"{:fr}Nos avocats interviennent r\u00e9guli\u00e8rement aux c\u00f4t\u00e9s des soci\u00e9t\u00e9s ou de leurs dirigeants dans leurs contentieux civils et commerciaux{:en}Our lawyers regularly assist companies and their officers in civil and commercial litigation{:}","og_url":"https:\/\/www.bm-a.fr\/civil-and-commercial-litigation\/","og_site_name":"Bougartchev Moyne Associ\u00e9s AARPI","article_modified_time":"2017-02-17T10:29:42+00:00","og_image":[{"width":1024,"height":569,"url":"https:\/\/www.bm-a.fr\/wp-content\/uploads\/2017\/01\/shutterstock_77411257-1024x569.jpg","type":"image\/jpeg"}],"twitter_card":"summary_large_image","schema":{"@context":"https:\/\/schema.org","@graph":[{"@type":"WebPage","@id":"https:\/\/www.bm-a.fr\/civil-and-commercial-litigation\/","url":"https:\/\/www.bm-a.fr\/civil-and-commercial-litigation\/","name":"Civil and commercial litigation - Bougartchev Moyne Associ\u00e9s AARPI","isPartOf":{"@id":"https:\/\/www.bm-a.fr\/#website"},"primaryImageOfPage":{"@id":"https:\/\/www.bm-a.fr\/civil-and-commercial-litigation\/#primaryimage"},"image":{"@id":"https:\/\/www.bm-a.fr\/civil-and-commercial-litigation\/#primaryimage"},"thumbnailUrl":"https:\/\/www.bm-a.fr\/wp-content\/uploads\/2017\/01\/shutterstock_77411257.jpg","datePublished":"2016-12-13T15:58:11+00:00","dateModified":"2017-02-17T10:29:42+00:00","description":"{:fr}Nos avocats interviennent r\u00e9guli\u00e8rement aux c\u00f4t\u00e9s des soci\u00e9t\u00e9s ou de leurs dirigeants dans leurs contentieux civils et commerciaux{:en}Our lawyers regularly assist companies and their officers in civil and commercial litigation{:}","breadcrumb":{"@id":"https:\/\/www.bm-a.fr\/civil-and-commercial-litigation\/#breadcrumb"},"inLanguage":"en-US","potentialAction":[{"@type":"ReadAction","target":["https:\/\/www.bm-a.fr\/civil-and-commercial-litigation\/"]}]},{"@type":"ImageObject","inLanguage":"en-US","@id":"https:\/\/www.bm-a.fr\/civil-and-commercial-litigation\/#primaryimage","url":"https:\/\/www.bm-a.fr\/wp-content\/uploads\/2017\/01\/shutterstock_77411257.jpg","contentUrl":"https:\/\/www.bm-a.fr\/wp-content\/uploads\/2017\/01\/shutterstock_77411257.jpg","width":4344,"height":2412,"caption":"Illustration du contentieux du droit des soci\u00e9t\u00e9s et responsabilit\u00e9 des dirigeants"},{"@type":"BreadcrumbList","@id":"https:\/\/www.bm-a.fr\/civil-and-commercial-litigation\/#breadcrumb","itemListElement":[{"@type":"ListItem","position":1,"name":"Accueil","item":"https:\/\/www.bm-a.fr\/"},{"@type":"ListItem","position":2,"name":"Contentieux civil et commercial"}]},{"@type":"WebSite","@id":"https:\/\/www.bm-a.fr\/#website","url":"https:\/\/www.bm-a.fr\/","name":"Bougartchev Moyne Associ\u00e9s AARPI","description":"","potentialAction":[{"@type":"SearchAction","target":{"@type":"EntryPoint","urlTemplate":"https:\/\/www.bm-a.fr\/?s={search_term_string}"},"query-input":{"@type":"PropertyValueSpecification","valueRequired":true,"valueName":"search_term_string"}}],"inLanguage":"en-US"}]}},"_links":{"self":[{"href":"https:\/\/www.bm-a.fr\/en\/wp-json\/wp\/v2\/pages\/48","targetHints":{"allow":["GET"]}}],"collection":[{"href":"https:\/\/www.bm-a.fr\/en\/wp-json\/wp\/v2\/pages"}],"about":[{"href":"https:\/\/www.bm-a.fr\/en\/wp-json\/wp\/v2\/types\/page"}],"author":[{"embeddable":true,"href":"https:\/\/www.bm-a.fr\/en\/wp-json\/wp\/v2\/users\/1"}],"replies":[{"embeddable":true,"href":"https:\/\/www.bm-a.fr\/en\/wp-json\/wp\/v2\/comments?post=48"}],"version-history":[{"count":5,"href":"https:\/\/www.bm-a.fr\/en\/wp-json\/wp\/v2\/pages\/48\/revisions"}],"predecessor-version":[{"id":1041,"href":"https:\/\/www.bm-a.fr\/en\/wp-json\/wp\/v2\/pages\/48\/revisions\/1041"}],"wp:featuredmedia":[{"embeddable":true,"href":"https:\/\/www.bm-a.fr\/en\/wp-json\/wp\/v2\/media\/703"}],"wp:attachment":[{"href":"https:\/\/www.bm-a.fr\/en\/wp-json\/wp\/v2\/media?parent=48"}],"curies":[{"name":"wp","href":"https:\/\/api.w.org\/{rel}","templated":true}]}}