{"id":23,"date":"2016-12-13T13:00:08","date_gmt":"2016-12-13T12:00:08","guid":{"rendered":"http:\/\/www.bougartchev-moyne.com\/?page_id=23"},"modified":"2018-08-06T16:23:37","modified_gmt":"2018-08-06T14:23:37","slug":"investigations-2","status":"publish","type":"page","link":"https:\/\/www.bm-a.fr\/en\/investigations\/","title":{"rendered":"Investigations"},"content":{"rendered":"<div class=\"wpb-content-wrapper\"><p>[vc_row][vc_column][vc_empty_space height=&#8221;30px&#8221;][vc_column_text]<\/p>\n<ul>\n<li class=\"p1\">We provided legal advice on the compliance of products marketed and installed by a robotics company in connection with the sale of that company (counsel for the seller).<\/li>\n<li class=\"p1\">We defended the interests of a spirits group in connection with an investigation initiated in France concerning various exports to Morocco.<\/li>\n<li class=\"p1\">We defended the interests of the acquirer of a company in connection with a criminal investigation initiated before the Paris High Court on the grounds of bribery of foreign public officials and influence peddling alleged against the company\u2019s former officers.<\/li>\n<li class=\"p1\">We defended the interests of a leading cement group in connection with a criminal investigation initiated before the Paris High Court on the grounds of alleged financing of terrorism.<\/li>\n<li class=\"p1\">We defended the interests of an insurance company that had contracted with various Australian brokers who were the subject of proceedings before the Sanctions Commission of the French prudential and resolution supervisory authority (ACPR) that had resulted in the imposition of sanctions prohibiting them from conducting business in France.<\/li>\n<li class=\"p1\">We defended the interests of a leading industrial company that was the victim of the bribery of several of its employees and one of its suppliers.<\/li>\n<li class=\"p1\">\n<p class=\"p1\" style=\"text-align: justify;\">We participated in the defence of the interests of a multinational in the electronics\/IT sector in connection with its objections to the search and operations conducted by the French competition authority.<\/p>\n<\/li>\n<li class=\"p1\" style=\"text-align: justify;\">\n<p class=\"p1\">We participated in the defence of the interests of a French public industrial and commercial establishment in connection with its objections to the search and operations conducted by the French competition authority.<\/p>\n<\/li>\n<li class=\"p1\" style=\"text-align: justify;\">\n<p class=\"p1\">We participated in the defence of an agri-food group in connection with an investigation initiated in the United States on the grounds of illicit concerted practices, which led to the execution of several international letters rogatory in France.<\/p>\n<\/li>\n<li class=\"p1\">\n<p class=\"p1\" style=\"text-align: justify;\">We interviewed numerous employees of an industrial group following the exposure to asbestos of certain of its employees, in parallel with investigations conducted by the labour inspectorate.<\/p>\n<\/li>\n<\/ul>\n<p>[\/vc_column_text][\/vc_column][\/vc_row][vc_row full_width=&#8221;stretch_row&#8221;][vc_column]<div class=\"full_width_image\" style=\"background-image: url(https:\/\/www.bm-a.fr\/wp-content\/uploads\/2016\/12\/GettyImages-500046253-1024x683.jpg);background-position:50%;height:683px;max-height:400px;\"><\/div>[\/vc_column][\/vc_row][vc_row][vc_column][vc_column_text]<\/p>\n<ul>\n<li class=\"p1\">\n<p class=\"p1\" style=\"text-align: justify;\">We interviewed numerous executives of a leading energy group, in parallel with investigations conducted by the judicial authorities on the grounds of alleged bribery of public foreign officials.<\/p>\n<\/li>\n<li class=\"p1\" style=\"text-align: justify;\">\n<p class=\"p1\">We interviewed numerous employees and executives of a worldwide energy leader that was the victim of a fraud and attempted fraud by an organised gang, in parallel with investigations conducted by the judicial authorities.<\/p>\n<\/li>\n<li class=\"p1\">\n<p class=\"p1\" style=\"text-align: justify;\">We provided advice on issues of labour law, protection of personal data and compliance with the French Blocking Statute that were raised in connection with an internal enquiry conducted at the request of the Securities and Exchange Commission (SEC) by a US subsidiary of a manufacturer of automation and handling systems, on the grounds of bribery in the public health sector allegedly committed by various European subsidiaries of the group.<\/p>\n<\/li>\n<\/ul>\n<p>[\/vc_column_text][\/vc_column][\/vc_row][vc_row][vc_column]<div class=\"document-downloader\">\n\t\t\t\t\t<a href=\"https:\/\/www.bm-a.fr\/wp-content\/uploads\/2016\/12\/investigations.pdf\" target=\"_blank\">\n\t\t\t\t\t\t<div class=\"document-downloader-text\">Download our references about investigations (PDF)<\/div>\n\t\t\t\t\t\t<div class=\"document-downloader-button\" style=\"background: #d87a66\"><img decoding=\"async\" src=\"\/wp-content\/uploads\/2016\/12\/download_arrow.png\" \/><\/div>\n\t\t\t\t\t<\/a>\n\t\t\t\t\t<\/div>[\/vc_column][\/vc_row][vc_row][vc_column]<div class=\"document-downloader\">\n\t\t\t\t\t<a href=\"https:\/\/www.bm-a.fr\/wp-content\/uploads\/2016\/12\/references-v3-eng-5.pdf\" target=\"_blank\">\n\t\t\t\t\t\t<div class=\"document-downloader-text\">Download all of our references (PDF)<\/div>\n\t\t\t\t\t\t<div class=\"document-downloader-button\" style=\"background: #d87a66\"><img decoding=\"async\" src=\"\/wp-content\/uploads\/2016\/12\/download_arrow.png\" \/><\/div>\n\t\t\t\t\t<\/a>\n\t\t\t\t\t<\/div>[\/vc_column][\/vc_row]<\/p>\n<\/div>","protected":false},"excerpt":{"rendered":"<p>[vc_row][vc_column][vc_empty_space height=&#8221;30px&#8221;][vc_column_text] We provided legal advice on the compliance of products marketed and installed by a robotics company in connection with the [&hellip;]<\/p>\n","protected":false},"author":1,"featured_media":0,"parent":0,"menu_order":0,"comment_status":"closed","ping_status":"closed","template":"page-rightbar.php","meta":{"_acf_changed":false,"footnotes":""},"class_list":["post-23","page","type-page","status-publish","hentry"],"acf":[],"yoast_head":"<!-- This site is optimized with the Yoast SEO plugin v27.2 - https:\/\/yoast.com\/product\/yoast-seo-wordpress\/ -->\n<title>Investigations - Bougartchev Moyne Associ\u00e9s AARPI<\/title>\n<meta name=\"description\" content=\"Our lawyers participate in internal investigations undertaken by clients, whether as a result of events that occur in France or in other jurisdictions\" \/>\n<meta name=\"robots\" content=\"noindex, follow, max-snippet:-1, max-image-preview:large, max-video-preview:-1\" \/>\n<meta property=\"og:locale\" content=\"en_US\" \/>\n<meta property=\"og:type\" content=\"article\" \/>\n<meta property=\"og:title\" content=\"Investigations - Bougartchev Moyne Associ\u00e9s AARPI\" \/>\n<meta property=\"og:description\" content=\"{:fr}Nos avocats participent aux enqu\u00eates internes diligent\u00e9es par nos clients, \u00e0 raison de faits survenus en France ou dans d\u2019autres juridictions{:en}Our lawyers participate in internal investigations undertaken by clients, whether as a result of events that occur in France or in other jurisdictions{:}\" \/>\n<meta property=\"og:url\" content=\"https:\/\/www.bm-a.fr\/investigations-2\/\" \/>\n<meta property=\"og:site_name\" content=\"Bougartchev Moyne Associ\u00e9s AARPI\" \/>\n<meta property=\"article:modified_time\" content=\"2018-08-06T14:23:37+00:00\" \/>\n<meta name=\"twitter:card\" content=\"summary_large_image\" \/>\n<meta name=\"twitter:label1\" content=\"Est. reading time\" \/>\n\t<meta name=\"twitter:data1\" content=\"6 minutes\" \/>\n<script type=\"application\/ld+json\" class=\"yoast-schema-graph\">{\"@context\":\"https:\/\/schema.org\",\"@graph\":[{\"@type\":\"WebPage\",\"@id\":\"https:\/\/www.bm-a.fr\/investigations-2\/\",\"url\":\"https:\/\/www.bm-a.fr\/investigations-2\/\",\"name\":\"Investigations - Bougartchev Moyne Associ\u00e9s AARPI\",\"isPartOf\":{\"@id\":\"https:\/\/www.bm-a.fr\/#website\"},\"datePublished\":\"2016-12-13T12:00:08+00:00\",\"dateModified\":\"2018-08-06T14:23:37+00:00\",\"description\":\"{:fr}Nos avocats participent aux enqu\u00eates internes diligent\u00e9es par nos clients, \u00e0 raison de faits survenus en France ou dans d\u2019autres juridictions{:en}Our lawyers participate in internal investigations undertaken by clients, whether as a result of events that occur in France or in other jurisdictions{:}\",\"breadcrumb\":{\"@id\":\"https:\/\/www.bm-a.fr\/investigations-2\/#breadcrumb\"},\"inLanguage\":\"en-US\",\"potentialAction\":[{\"@type\":\"ReadAction\",\"target\":[\"https:\/\/www.bm-a.fr\/investigations-2\/\"]}]},{\"@type\":\"BreadcrumbList\",\"@id\":\"https:\/\/www.bm-a.fr\/investigations-2\/#breadcrumb\",\"itemListElement\":[{\"@type\":\"ListItem\",\"position\":1,\"name\":\"Accueil\",\"item\":\"https:\/\/www.bm-a.fr\/\"},{\"@type\":\"ListItem\",\"position\":2,\"name\":\"Enqu\u00eates\"}]},{\"@type\":\"WebSite\",\"@id\":\"https:\/\/www.bm-a.fr\/#website\",\"url\":\"https:\/\/www.bm-a.fr\/\",\"name\":\"Bougartchev Moyne Associ\u00e9s AARPI\",\"description\":\"\",\"potentialAction\":[{\"@type\":\"SearchAction\",\"target\":{\"@type\":\"EntryPoint\",\"urlTemplate\":\"https:\/\/www.bm-a.fr\/?s={search_term_string}\"},\"query-input\":{\"@type\":\"PropertyValueSpecification\",\"valueRequired\":true,\"valueName\":\"search_term_string\"}}],\"inLanguage\":\"en-US\"}]}<\/script>\n<!-- \/ Yoast SEO plugin. -->","yoast_head_json":{"title":"Investigations - Bougartchev Moyne Associ\u00e9s AARPI","description":"Our lawyers participate in internal investigations undertaken by clients, whether as a result of events that occur in France or in other jurisdictions","robots":{"index":"noindex","follow":"follow","max-snippet":"max-snippet:-1","max-image-preview":"max-image-preview:large","max-video-preview":"max-video-preview:-1"},"og_locale":"en_US","og_type":"article","og_title":"Investigations - Bougartchev Moyne Associ\u00e9s AARPI","og_description":"{:fr}Nos avocats participent aux enqu\u00eates internes diligent\u00e9es par nos clients, \u00e0 raison de faits survenus en France ou dans d\u2019autres juridictions{:en}Our lawyers participate in internal investigations undertaken by clients, whether as a result of events that occur in France or in other jurisdictions{:}","og_url":"https:\/\/www.bm-a.fr\/investigations-2\/","og_site_name":"Bougartchev Moyne Associ\u00e9s AARPI","article_modified_time":"2018-08-06T14:23:37+00:00","twitter_card":"summary_large_image","twitter_misc":{"Est. reading time":"6 minutes"},"schema":{"@context":"https:\/\/schema.org","@graph":[{"@type":"WebPage","@id":"https:\/\/www.bm-a.fr\/investigations-2\/","url":"https:\/\/www.bm-a.fr\/investigations-2\/","name":"Investigations - Bougartchev Moyne Associ\u00e9s AARPI","isPartOf":{"@id":"https:\/\/www.bm-a.fr\/#website"},"datePublished":"2016-12-13T12:00:08+00:00","dateModified":"2018-08-06T14:23:37+00:00","description":"{:fr}Nos avocats participent aux enqu\u00eates internes diligent\u00e9es par nos clients, \u00e0 raison de faits survenus en France ou dans d\u2019autres juridictions{:en}Our lawyers participate in internal investigations undertaken by clients, whether as a result of events that occur in France or in other jurisdictions{:}","breadcrumb":{"@id":"https:\/\/www.bm-a.fr\/investigations-2\/#breadcrumb"},"inLanguage":"en-US","potentialAction":[{"@type":"ReadAction","target":["https:\/\/www.bm-a.fr\/investigations-2\/"]}]},{"@type":"BreadcrumbList","@id":"https:\/\/www.bm-a.fr\/investigations-2\/#breadcrumb","itemListElement":[{"@type":"ListItem","position":1,"name":"Accueil","item":"https:\/\/www.bm-a.fr\/"},{"@type":"ListItem","position":2,"name":"Enqu\u00eates"}]},{"@type":"WebSite","@id":"https:\/\/www.bm-a.fr\/#website","url":"https:\/\/www.bm-a.fr\/","name":"Bougartchev Moyne Associ\u00e9s AARPI","description":"","potentialAction":[{"@type":"SearchAction","target":{"@type":"EntryPoint","urlTemplate":"https:\/\/www.bm-a.fr\/?s={search_term_string}"},"query-input":{"@type":"PropertyValueSpecification","valueRequired":true,"valueName":"search_term_string"}}],"inLanguage":"en-US"}]}},"_links":{"self":[{"href":"https:\/\/www.bm-a.fr\/en\/wp-json\/wp\/v2\/pages\/23","targetHints":{"allow":["GET"]}}],"collection":[{"href":"https:\/\/www.bm-a.fr\/en\/wp-json\/wp\/v2\/pages"}],"about":[{"href":"https:\/\/www.bm-a.fr\/en\/wp-json\/wp\/v2\/types\/page"}],"author":[{"embeddable":true,"href":"https:\/\/www.bm-a.fr\/en\/wp-json\/wp\/v2\/users\/1"}],"replies":[{"embeddable":true,"href":"https:\/\/www.bm-a.fr\/en\/wp-json\/wp\/v2\/comments?post=23"}],"version-history":[{"count":40,"href":"https:\/\/www.bm-a.fr\/en\/wp-json\/wp\/v2\/pages\/23\/revisions"}],"predecessor-version":[{"id":2454,"href":"https:\/\/www.bm-a.fr\/en\/wp-json\/wp\/v2\/pages\/23\/revisions\/2454"}],"wp:attachment":[{"href":"https:\/\/www.bm-a.fr\/en\/wp-json\/wp\/v2\/media?parent=23"}],"curies":[{"name":"wp","href":"https:\/\/api.w.org\/{rel}","templated":true}]}}