{"id":15,"date":"2016-12-13T12:59:33","date_gmt":"2016-12-13T11:59:33","guid":{"rendered":"http:\/\/www.bougartchev-moyne.com\/?page_id=15"},"modified":"2021-04-09T18:31:31","modified_gmt":"2021-04-09T16:31:31","slug":"values","status":"publish","type":"page","link":"https:\/\/www.bm-a.fr\/en\/values\/","title":{"rendered":"Values"},"content":{"rendered":"<div class=\"wpb-content-wrapper\"><p>[vc_row][vc_column][vc_empty_space height=&#8221;30px&#8221;]<div class=\"single_section_text\"><h3 style=\"color:#000000\">Experience<\/h3><hr class=\"mini\" style=\"border-top-color:#000000\"\/><\/p>\n<p class=\"p1\">After 30 and 20 years, respectively, of professional practice in major firms and hundreds of trials, we have chosen to create an ambitious firm for our clients, where the hallmarks are independence, liberty, versatility and flexibility.<\/p>\n<p>We are litigation lawyers who are recognised by the profession, and we assist public or private companies, banks and financial institutions, insurance companies and their officers in all proceedings they are facing, whether involving white collar crime, civil law, commercial law or regulatory matters. We assist them on a daily basis, during crises or to aid them in meeting their legal and regulatory obligations. We also work with our clients in connection with their internal enquiries and training programmes.<\/p>\n<p>We have extensive experience in emergency, complex, multi-party, transnational and multi-jurisdictional proceedings, as well as in negotiating settlement agreements, in France and internationally, and are accustomed to working in teams. We assist our clients worldwide, alongside international firms and specialised firms. We are frequently appointed to coordinate the work of law firms selected in various jurisdictions.<\/div><div class=\"single_section_text\"><h3 style=\"color:#000000\">Relationships<\/h3><hr class=\"mini\" style=\"border-top-color:#000000\"\/><\/p>\n<p class=\"p1\">We are the partners of our clients, not just their lawyers. We are particularly mindful of our clients\u2019 strategy and image, and work closely with them to achieve the objectives they have set for us. We endeavour to acquire full understanding of our clients, their activities, their organisation and their teams, as well as to become familiar with the risks inherent in their businesses, their requirements and their objectives.<\/p>\n<p>Accordingly, we are able to quickly identify the procedural and strategic options available to our clients and provide them with pragmatic responses.<\/div><div class=\"single_section_text\"><h3 style=\"color:#000000\">Innovation<\/h3><hr class=\"mini\" style=\"border-top-color:#000000\"\/><\/p>\n<p class=\"p1\">Innovation is at the core of our practice: whether the first indictment by videoconference between France and the United States, the first use of an electronic bracelet in a financial matter, negotiating an Alford plea or the first plea bargain (\u201cCRPC\u201d) negotiated by the national financial crimes prosecutor (\u201cPNF\u201d) and the French government in a money laundering case, we have always been creative and will continue to promote innovative solutions in the interests of our clients.<\/p>\n<p><\/div>[\/vc_column][\/vc_row][vc_row full_width=&#8221;stretch_row&#8221;][vc_column]<div class=\"full_width_image style=\"width:100%;height:auto;\"><img decoding=\"async\" src=\"https:\/\/www.bm-a.fr\/wp-content\/uploads\/2021\/04\/FINAL-DSC_6104-nb-1024x683.jpg\" alt=\"\" style=\"width:100%;height:auto;\"><\/div>[\/vc_column][\/vc_row][vc_row][vc_column]<div class=\"single_section_text\"><h3 style=\"color:#000000\">Group action <\/h3><hr class=\"mini\" style=\"border-top-color:#000000\"\/>The partners are active on all cases and structure an appropriate team in which the client is the concern of all. The firm\u2019s lawyers are accustomed to working together, and the younger lawyers acquire immediate responsibilities. Our policy is to promote all lawyers\u2019 talents within an open organisation in which the transmission of knowledge and expertise is an essential value.<\/p>\n<p>The respect of others is a requirement for efficacy and excellence. Whether we are appointed to fight or to settle, we always act in compliance with the ethical rules applicable to the profession, courteously and fairly.<\/div>[\/vc_column][\/vc_row]<\/p>\n<\/div>","protected":false},"excerpt":{"rendered":"<p>[vc_row][vc_column][vc_empty_space height=&#8221;30px&#8221;][\/vc_column][\/vc_row][vc_row full_width=&#8221;stretch_row&#8221;][vc_column][\/vc_column][\/vc_row][vc_row][vc_column][\/vc_column][\/vc_row]<\/p>\n","protected":false},"author":1,"featured_media":0,"parent":0,"menu_order":0,"comment_status":"closed","ping_status":"closed","template":"page-rightbar.php","meta":{"_acf_changed":false,"footnotes":""},"class_list":["post-15","page","type-page","status-publish","hentry"],"acf":[],"yoast_head":"<!-- This site is optimized with the Yoast SEO plugin v27.2 - https:\/\/yoast.com\/product\/yoast-seo-wordpress\/ -->\n<title>Values - Bougartchev Moyne Associ\u00e9s AARPI<\/title>\n<meta name=\"description\" content=\"Nos avocats axent leurs valeurs sur une exp\u00e9rience de 30 ans en contentieux, une attention port\u00e9e \u00e0 la relation client et un sens de l&#039;innovation\" \/>\n<meta name=\"robots\" content=\"noindex, follow, max-snippet:-1, max-image-preview:large, max-video-preview:-1\" \/>\n<meta property=\"og:locale\" content=\"en_US\" \/>\n<meta property=\"og:type\" content=\"article\" \/>\n<meta property=\"og:title\" content=\"Values - Bougartchev Moyne Associ\u00e9s AARPI\" \/>\n<meta property=\"og:description\" content=\"Nos avocats axent leurs valeurs sur une exp\u00e9rience de 30 ans en contentieux, une attention port\u00e9e \u00e0 la relation client et un sens de l&#039;innovation\" \/>\n<meta property=\"og:url\" content=\"https:\/\/www.bm-a.fr\/values\/\" \/>\n<meta property=\"og:site_name\" content=\"Bougartchev Moyne Associ\u00e9s AARPI\" \/>\n<meta property=\"article:modified_time\" content=\"2021-04-09T16:31:31+00:00\" \/>\n<meta name=\"twitter:card\" content=\"summary_large_image\" \/>\n<meta name=\"twitter:label1\" content=\"Est. reading time\" \/>\n\t<meta name=\"twitter:data1\" content=\"6 minutes\" \/>\n<script type=\"application\/ld+json\" class=\"yoast-schema-graph\">{\"@context\":\"https:\/\/schema.org\",\"@graph\":[{\"@type\":\"WebPage\",\"@id\":\"https:\/\/www.bm-a.fr\/values\/\",\"url\":\"https:\/\/www.bm-a.fr\/values\/\",\"name\":\"Values - Bougartchev Moyne Associ\u00e9s AARPI\",\"isPartOf\":{\"@id\":\"https:\/\/www.bm-a.fr\/#website\"},\"datePublished\":\"2016-12-13T11:59:33+00:00\",\"dateModified\":\"2021-04-09T16:31:31+00:00\",\"description\":\"Nos avocats axent leurs valeurs sur une exp\u00e9rience de 30 ans en contentieux, une attention port\u00e9e \u00e0 la relation client et un sens de l'innovation\",\"breadcrumb\":{\"@id\":\"https:\/\/www.bm-a.fr\/values\/#breadcrumb\"},\"inLanguage\":\"en-US\",\"potentialAction\":[{\"@type\":\"ReadAction\",\"target\":[\"https:\/\/www.bm-a.fr\/values\/\"]}]},{\"@type\":\"BreadcrumbList\",\"@id\":\"https:\/\/www.bm-a.fr\/values\/#breadcrumb\",\"itemListElement\":[{\"@type\":\"ListItem\",\"position\":1,\"name\":\"Accueil\",\"item\":\"https:\/\/www.bm-a.fr\/\"},{\"@type\":\"ListItem\",\"position\":2,\"name\":\"Valeurs\"}]},{\"@type\":\"WebSite\",\"@id\":\"https:\/\/www.bm-a.fr\/#website\",\"url\":\"https:\/\/www.bm-a.fr\/\",\"name\":\"Bougartchev Moyne Associ\u00e9s AARPI\",\"description\":\"\",\"potentialAction\":[{\"@type\":\"SearchAction\",\"target\":{\"@type\":\"EntryPoint\",\"urlTemplate\":\"https:\/\/www.bm-a.fr\/?s={search_term_string}\"},\"query-input\":{\"@type\":\"PropertyValueSpecification\",\"valueRequired\":true,\"valueName\":\"search_term_string\"}}],\"inLanguage\":\"en-US\"}]}<\/script>\n<!-- \/ Yoast SEO plugin. -->","yoast_head_json":{"title":"Values - Bougartchev Moyne Associ\u00e9s AARPI","description":"Nos avocats axent leurs valeurs sur une exp\u00e9rience de 30 ans en contentieux, une attention port\u00e9e \u00e0 la relation client et un sens de l'innovation","robots":{"index":"noindex","follow":"follow","max-snippet":"max-snippet:-1","max-image-preview":"max-image-preview:large","max-video-preview":"max-video-preview:-1"},"og_locale":"en_US","og_type":"article","og_title":"Values - Bougartchev Moyne Associ\u00e9s AARPI","og_description":"Nos avocats axent leurs valeurs sur une exp\u00e9rience de 30 ans en contentieux, une attention port\u00e9e \u00e0 la relation client et un sens de l'innovation","og_url":"https:\/\/www.bm-a.fr\/values\/","og_site_name":"Bougartchev Moyne Associ\u00e9s AARPI","article_modified_time":"2021-04-09T16:31:31+00:00","twitter_card":"summary_large_image","twitter_misc":{"Est. reading time":"6 minutes"},"schema":{"@context":"https:\/\/schema.org","@graph":[{"@type":"WebPage","@id":"https:\/\/www.bm-a.fr\/values\/","url":"https:\/\/www.bm-a.fr\/values\/","name":"Values - Bougartchev Moyne Associ\u00e9s AARPI","isPartOf":{"@id":"https:\/\/www.bm-a.fr\/#website"},"datePublished":"2016-12-13T11:59:33+00:00","dateModified":"2021-04-09T16:31:31+00:00","description":"Nos avocats axent leurs valeurs sur une exp\u00e9rience de 30 ans en contentieux, une attention port\u00e9e \u00e0 la relation client et un sens de l'innovation","breadcrumb":{"@id":"https:\/\/www.bm-a.fr\/values\/#breadcrumb"},"inLanguage":"en-US","potentialAction":[{"@type":"ReadAction","target":["https:\/\/www.bm-a.fr\/values\/"]}]},{"@type":"BreadcrumbList","@id":"https:\/\/www.bm-a.fr\/values\/#breadcrumb","itemListElement":[{"@type":"ListItem","position":1,"name":"Accueil","item":"https:\/\/www.bm-a.fr\/"},{"@type":"ListItem","position":2,"name":"Valeurs"}]},{"@type":"WebSite","@id":"https:\/\/www.bm-a.fr\/#website","url":"https:\/\/www.bm-a.fr\/","name":"Bougartchev Moyne Associ\u00e9s AARPI","description":"","potentialAction":[{"@type":"SearchAction","target":{"@type":"EntryPoint","urlTemplate":"https:\/\/www.bm-a.fr\/?s={search_term_string}"},"query-input":{"@type":"PropertyValueSpecification","valueRequired":true,"valueName":"search_term_string"}}],"inLanguage":"en-US"}]}},"_links":{"self":[{"href":"https:\/\/www.bm-a.fr\/en\/wp-json\/wp\/v2\/pages\/15","targetHints":{"allow":["GET"]}}],"collection":[{"href":"https:\/\/www.bm-a.fr\/en\/wp-json\/wp\/v2\/pages"}],"about":[{"href":"https:\/\/www.bm-a.fr\/en\/wp-json\/wp\/v2\/types\/page"}],"author":[{"embeddable":true,"href":"https:\/\/www.bm-a.fr\/en\/wp-json\/wp\/v2\/users\/1"}],"replies":[{"embeddable":true,"href":"https:\/\/www.bm-a.fr\/en\/wp-json\/wp\/v2\/comments?post=15"}],"version-history":[{"count":61,"href":"https:\/\/www.bm-a.fr\/en\/wp-json\/wp\/v2\/pages\/15\/revisions"}],"predecessor-version":[{"id":3372,"href":"https:\/\/www.bm-a.fr\/en\/wp-json\/wp\/v2\/pages\/15\/revisions\/3372"}],"wp:attachment":[{"href":"https:\/\/www.bm-a.fr\/en\/wp-json\/wp\/v2\/media?parent=15"}],"curies":[{"name":"wp","href":"https:\/\/api.w.org\/{rel}","templated":true}]}}